{"id":28,"date":"2016-05-20T09:27:15","date_gmt":"2016-05-20T09:27:15","guid":{"rendered":"http:\/\/sandsoftruth.com\/?page_id=28"},"modified":"2016-05-20T15:11:09","modified_gmt":"2016-05-20T15:11:09","slug":"let-us-make-man","status":"publish","type":"page","link":"https:\/\/sandsoftruth.com\/nl\/faq\/let-us-make-man\/","title":{"rendered":"Laat ons mensen maken"},"content":{"rendered":"<p>Genesis 1:26; &#8220;Laat ons mensen maken.&#8221;\u00a0 Uit dit vers leert het christendom dat God niet 1 is maar 3.<\/p>\n<p>Als iemand in een willekeurige tekst het woord &#8220;ons&#8221; tegenkomt, is er dan ook maar 1 weldenkend persoon die dan denkt dat dat woordje &#8216;ons&#8217; betrekking heeft op 1 enkel persoon met een multiple personality disorder?<\/p>\n<p>Maar waarom, als het christendom het woordje &#8216;ons&#8217; ziet in de bijbel denkt men dat dan wel?\u00a0 Heel eenvoudig.\u00a0 Het christendom heeft twee\u00a0 of drie goden, en die moeten ze op de \u00e9\u00e9n of andere manier toch weer zien te reduceren tot \u00e9\u00e9n, want zelfs het NT zegt dat er maar 1 God is. Dus daarom probeert men drie goden in \u00e9\u00e9n god te proppen.\u00a0 Waardoor men zegt dat God zijn eigen zoon is.<\/p>\n<p>En de volledig normale uitleg dat bijvoorbeeld God tegen de engelen sprak, daar gaat men aan voorbij.\u00a0 Of de mogelijkheid dat er sprake is van een majesteitsmeervoud.<\/p>\n<p>Sommige christenen proberen de simpele traditioneel joodse verklaring dat God tot de engelen sprak onderuit te halen door te zeggen dat de engelen niet deelnamen aan het scheppingsproces.. Zij wijzen naar Genesis 1:1 en zeggen: &#8220;God was de schepper, en niet de engelen.&#8221;\u00a0 Maar het is een gegeven feit in het jodendom dat een boodschapper gelijk is aan degene die hem gezonden heeft. Bijvoorbeeld, wanneer iemand met een vrouw trouwt door middel van een boodschapper, dan is het legale effect hetzelfde als wanneer hij haar persoonlijk getrouwd zou hebben.<\/p>\n<p>Een goed bijbels voorbeeld van &#8220;een boodschapper is gelijkwaardig aan de zender&#8221; is Genesis 19 waar gesproken wordt over de vernietiging van Sodom en Gomorra.\u00a0 God stuurt twee engelen om de stad te vernietigen. De engelen zeggen tegen Lot in vers 13: &#8220;want wij gaan deze plaats verwoesten; want groot is het geroep over haar voor de HERE; daarom heeft de HERE ons gezonden om haar te verwoesten.&#8221;\u00a0 Hierna zie Lot tegen zijn schoonzoons: &#8220;Staat op, verlaat deze plaats, want de HERE gaat de stad verwoesten.&#8221;\u00a0 Lot zei niet: &#8220;De engelen gaan de stad verwoesten&#8221;, Hij zei: &#8220;de HERE (J-H-W-H in de hebreeuwse grondtekst) gaat de stad verwoesten.&#8221;\u00a0 En in vers 29 staat: &#8220;Toen GOD de steden der Streek verwoestte, gedacht God Abraham,&#8221;\u00a0 Dus de engelen waren gezonden door God om de stad te verwoesten, maarde bijbel zegt ons dat God het gedaan heeft.\u00a0\u00a0 En waarom zou hetzelfde niet opgaan voor de schepping?<\/p>\n<p>Maar hoe dan ook, de mens is niet geschapen door een meervoud. Kijk in Genesis 5:1;\u00a0 &#8220;Ten dage, dat God Adam schiep&#8221;.\u00a0 Hier is het werkwoord &#8220;schiep&#8221;, &#8220;bara&#8221; in het hebreeuws,\u00a0 in het enkelvoud.\u00a0 Dit geeft duidelijk aan dat de God die Adam schiep een enkelvoud is, want het werkwoord volgt het onderwerp: Onderwerp meervoud, werkwoord meervoud.\u00a0 Onderwerp enkelvoud, werkwoord enkelvoud.\u00a0\u00a0 Hetzelfde geldt voor het allereerste vers van de bijbel: &#8220;In den beginne schiep God de hemel en de aarde.&#8221;\u00a0 Het woord &#8220;schiep&#8221;, is geschreven in het enkelvoud: &#8220;bara&#8221;.\u00a0 Als God een meervoud was, dan had het &#8220;baroe&#8221; moeten zijn.<\/p>","protected":false},"excerpt":{"rendered":"<p>Genesis 1:26; &#8220;Laat ons mensen maken.&#8221;\u00a0 Uit dit vers leert het christendom dat God niet 1 is maar 3. Als iemand in een willekeurige tekst het woord &#8220;ons&#8221; tegenkomt, is er dan ook maar 1 weldenkend persoon die dan denkt dat dat woordje &#8216;ons&#8217; betrekking heeft op 1 enkel persoon met een multiple personality disorder? &hellip; <a href=\"https:\/\/sandsoftruth.com\/nl\/faq\/let-us-make-man\/\" class=\"more-link\">Lees <span class=\"screen-reader-text\">&#8220;Laat ons mensen maken&#8221;<\/span> verder<\/a><\/p>\n","protected":false},"author":1,"featured_media":0,"parent":24,"menu_order":0,"comment_status":"closed","ping_status":"closed","template":"full-width-page.php","meta":{"footnotes":""},"class_list":["post-28","page","type-page","status-publish","hentry"],"_links":{"self":[{"href":"https:\/\/sandsoftruth.com\/nl\/wp-json\/wp\/v2\/pages\/28"}],"collection":[{"href":"https:\/\/sandsoftruth.com\/nl\/wp-json\/wp\/v2\/pages"}],"about":[{"href":"https:\/\/sandsoftruth.com\/nl\/wp-json\/wp\/v2\/types\/page"}],"author":[{"embeddable":true,"href":"https:\/\/sandsoftruth.com\/nl\/wp-json\/wp\/v2\/users\/1"}],"replies":[{"embeddable":true,"href":"https:\/\/sandsoftruth.com\/nl\/wp-json\/wp\/v2\/comments?post=28"}],"version-history":[{"count":2,"href":"https:\/\/sandsoftruth.com\/nl\/wp-json\/wp\/v2\/pages\/28\/revisions"}],"predecessor-version":[{"id":148,"href":"https:\/\/sandsoftruth.com\/nl\/wp-json\/wp\/v2\/pages\/28\/revisions\/148"}],"up":[{"embeddable":true,"href":"https:\/\/sandsoftruth.com\/nl\/wp-json\/wp\/v2\/pages\/24"}],"wp:attachment":[{"href":"https:\/\/sandsoftruth.com\/nl\/wp-json\/wp\/v2\/media?parent=28"}],"curies":[{"name":"wp","href":"https:\/\/api.w.org\/{rel}","templated":true}]}}