{"id":40,"date":"2016-05-20T09:37:42","date_gmt":"2016-05-20T09:37:42","guid":{"rendered":"http:\/\/sandsoftruth.com\/?page_id=40"},"modified":"2016-05-20T16:01:11","modified_gmt":"2016-05-20T16:01:11","slug":"sacrifices","status":"publish","type":"page","link":"https:\/\/sandsoftruth.com\/nl\/faq\/sacrifices\/","title":{"rendered":"Dieroffers"},"content":{"rendered":"<p><\/p>\n<h3>Hoe verkrijgt het joodse volk vergeving van zonden zonder dieroffers?<\/h3>\n<p>Om te beginnen, de dieroffers zijn niet afgeschaft.\u00a0 Het joodse volk is nu niet in staat om de wetten met betrekking tot de dieroffers na te leven, omdat de dieroffers niet overal gebracht mogen worden, maar alleen op het altaar op het tempelplein.<\/p>\n<p><span style=\"font-size: medium;\">Deze regel heeft God gegeven in de torah:\u00a0 &#8220;Ieder van het huis Isra\u00ebls, die een rund, een schaap of een geit in de legerplaats of buiten de legerplaats slacht, 4 maar die niet brengt naar de ingang van de tent der samenkomst, om een offergave aan de HERE te brengen v\u00f3\u00f3r de tabernakel des HEREN \u2013 als bloedschuld zal dat die man worden aangerekend; hij heeft bloed vergoten en die man zal uit het midden van zijn volk uitgeroeid worden, 5 opdat de Isra\u00eblieten hun slachtoffers brengen, die zij op het open veld plegen te offeren; zij moeten ze brengen voor de HERE, naar de ingang van de tent der samenkomst, tot de priester, om ze als vredeoffers de HERE te offeren.&#8221;\u00a0 Lev 17:3-6<\/span><\/p>\n<p><span style=\"font-size: medium;\">\u00a0<\/span><\/p>\n<p><span style=\"font-size: medium;\">&#8220;Maar wanneer gij de Jordaan zult zijn overgetrokken en woont in het land dat de HERE, uw God, u zal doen be\u00ebrven, en Hij u rust geeft van al uw vijanden aan alle kanten, en gij veilig woont \u2013\u00a0 dan zult gij naar de plaats, die de HERE, uw God, verkiezen zal om daar zijn naam te doen wonen, alles brengen, wat ik u gebied: uw brandoffers en slachtoffers, uw tienden en wijgeschenken en de gehele keur der geloften, die gij de HERE doen zult;\u00a0 gij zult u verheugen voor het aangezicht van de HERE, uw God, gij, uw zonen, uw dochters, uw dienstknechten en uw dienstmaagden, en de Leviet, die binnen uw poorten woont, want hij heeft bezit noch erfdeel met u.<br \/>\nNeem u ervoor in acht, dat gij uw brandoffers niet brengt op elke willekeurige plaats;\u00a0 maar op de plaats die de HERE in het gebied van \u00e9\u00e9n uwer stammen verkiezen zal, daar zult gij uw brandoffers brengen, en daar zult gij doen alles wat ik u gebied.&#8221;<\/span><\/p>\n<p><span style=\"font-size: medium;\">Deut 12:10-14<\/span><\/p>\n<p><span style=\"font-size: medium;\">\u00a0<\/span><\/p>\n<p><span style=\"font-size: medium;\">Dus het joodse volk mag alleen dieroffers brengen op het altaar voor de tempel, en nergens anders.\u00a0 En dat is de reden dat na de verwoesting van de tempel geen dieroffers meer gebracht worden.\u00a0\u00a0 Maar de profeten zeggen ons dat na de bouw van de derde eeuwigdurende tempel de dieroffers weer in ere hersteld zullen worden zoals we kunnen lezen in Zacharia14:20, Maleachi 3:1-4 en Ezechiel 43.\u00a0<\/span><\/p>\n<p><span style=\"font-size: medium;\">\u00a0<\/span><\/p>\n<p><span style=\"font-size: medium;\">Maar hoe verkrijgen we vergeving voor zonden nu we geen tempel en dieroffers meer hebben?\u00a0 Op dezelfde manier waarop we het verkregen voor de verwoesting van de tempel: Door tot inkeer te komen en terug te keren naar God en zijn wet.\u00a0<\/span><\/p>\n<p><span style=\"font-size: medium;\">De dieroffers in de tempel waren, een paar uitzonderingen uitgezonderd, alleen voor ONOPZETTELIJKE zonden. Zie Leviticus 4:2-3;\u00a0 &#8220;Spreek tot de Isra\u00eblieten: Wanneer iemand zonder opzet zondigt in een van de dingen die de HERE verboden heeft te doen, en \u00e9\u00e9n daarvan doet \u2013\u00a0 dan zal, indien de gezalfde priester zonde gedaan en daardoor het volk in schuld gebracht heeft, hij voor de zonde die hij begaan heeft, een jonge, gave stier de HERE tot een zondoffer brengen.&#8221;<\/span><\/p>\n<p>Leviticus 4:13-14; \u201cIndien de gehele vergadering Isra\u00ebls zonder opzet zonde gedaan heeft, en dit voor de ogen der gemeente verborgen is gebleven, en zij tegen \u00e9\u00e9n van al de geboden des HEREN iets gedaan heeft, dat niet gedaan mocht worden, en dus schuldig geworden is,\u00a0 dan zal de gemeente, wanneer de zonde die zij begaan heeft, haar bekend geworden is, een jonge stier ten zondoffer brengen en zij zal die leiden v\u00f3\u00f3r de tent der samenkomst.\u201d<\/p>\n<p>Leviticus 4:22-23; \u201cAls een vorst gezondigd heeft en zonder opzet tegen \u00e9\u00e9n van al de geboden van de HERE, zijn God, iets gedaan heeft dat niet gedaan mocht worden, en dus schuldig geworden is,\u00a0 dan zal hij, als hem de zonde die hij begaan heeft, bekend geworden is, als zijn offergave een geitebok brengen, een gaaf dier van het mannelijk geslacht.\u201d<\/p>\n<p>Leviticus 4:27-28; \u201cIndien iemand uit het volk des lands zonder opzet gezondigd heeft door een van de dingen te doen, die de HERE verboden heeft, en dus schuldig geworden is,\u00a0 dan zal hij, als hem de zonde die hij begaan heeft, bekend geworden is, voor de zonde die hij begaan heeft, als zijn offergave een geit, een gaaf dier van het vrouwelijk geslacht, brengen.\u201d<\/p>\n<p>Leviticus 5:15 &#8221; De HERE sprak tot Mozes:\u00a0 Wanneer iemand ontrouw wordt en zonder opzet zonde doet tegen iets van wat de HERE geheiligd is, dan zal hij, als zijn boete, de HERE een gave ram van het kleinvee brengen ten schuldoffer, de waarde geschat in zilveren sikkels, naar de heilige sikkel.&#8221;<\/p>\n<p>Nummeri 15:23-24; \u201cVan alles wat de HERE u geboden heeft door de dienst van Mozes van die dag af, dat de HERE zijn geboden gaf en daarna, van geslacht tot geslacht,\u00a0 en wanneer het buiten weten van de vergadering onopzettelijk geschied is, dan zal de gehele vergadering een jonge stier tot een brandoffer bereiden, tot een liefelijke reuk voor de HERE, met het bijbehorend spijsoffer en plengoffer volgens het voorschrift, benevens een geitebok tot een zondoffer.\u201d<\/p>\n<p>Numbers 15:27; &#8220;Wanneer \u00e9\u00e9n persoon onopzettelijk gezondigd heeft, dan zal hij een \u00e9\u00e9njarige geit tot een zondoffer aanbieden;\u201d<\/p>\n<p><span style=\"font-size: medium;\">\u00a0<\/span><\/p>\n<p><span style=\"font-size: medium;\">Het moge duidelijk zijn, de dieroffers zijn voor onopzettelijke zonden.\u00a0 Maar wat gebeurt er als iemand opzettelijk zondigt?<\/span><\/p>\n<p><span style=\"font-size: medium;\">\u00a0<\/span><\/p>\n<p><span style=\"font-size: medium;\">Nummeri 15:30-31;\u00a0 &#8221; Maar wie iets met voorbedachten rade doet, hetzij geboren Isra\u00ebliet, hetzij vreemdeling, die zal een lasteraar van de HERE zijn, die zal uit zijn volk worden uitgeroeid, 31 want hij heeft het woord des HEREN veracht en zijn gebod geschonden; die zal zeker uitgeroeid worden, zijn ongerechtigheid is op hem.&#8221;<\/span><\/p>\n<p><span style=\"font-size: medium;\">\u00a0<\/span><\/p>\n<p><span style=\"font-size: medium;\">Geen dieroffer voor deze opzettelijke zondaar.\u00a0 Dat betekent dat in dit geval vergeving verkregen moet worden op een andere manier dan een dieroffer. Die andere manier is berouw en terugkeer naar God en zijn wet.\u00a0 Lees het boek Jonah.\u00a0 God zei tegen Jonah dat hij Nineve zou gaan verwoesten vanwege de zonden van de bewoners, maar zij kwamen tot inkeer, zij vastten, en God besloot om de stad niet te verwoesten.\u00a0\u00a0<\/span><\/p>\n<p><span style=\"font-size: medium;\">Geen dieroffers hier, alleen berouw en inkeer, en God vergeeft.\u00a0<\/span><\/p>\n<p><span style=\"font-size: medium;\"><br \/>\nHetzelfde gold voor koning David.\u00a0 Hij deed wat hij deed met de vrouw van zijn buurman, en de profeet Natan confronteerde hem er mee.\u00a0 Nadat David zich realiseerde wat hij gedaan had, riep hij uit: &#8220;Ik heb tegen de HERE gezondigd&#8221;, waarop de profeet zei: &#8220;De HERE heeft uw zonde vergeven&#8221;.\u00a0 II Samuel 12:9-13\u00a0<\/span><\/p>\n<p><span style=\"font-size: medium;\">Geen dieroffers, slechts berouw en God vergeeft.\u00a0<\/span><\/p>\n<p><span style=\"font-size: medium;\">\u00a0<\/span><\/p>\n<p><span style=\"font-size: medium;\"><b>MAAR<\/b>, dat betekent niet dat als we gezondigd hebben, dat we dan alleen maar berouw hoeven te hebben, en God vergeeft, en dat was dat.\u00a0\u00a0 God vergeeft ELKE zonde na diep berouw en terugkeer naar zijn wet,\u00a0 maar dit betekent niet dat we er ongestraft van af komen.\u00a0 God vergaf koning David, maar niet tegenstaande dat werd hij toch zwaar gestraft voor zijn daad.\u00a0 Toen de profeet hem confronteerde met zijn daad gaf hij hem een aantal zware vervloekingen:\u00a0 &#8220;Waarom hebt gij het woord des HEREN veracht, en gedaan wat kwaad is in zijn ogen? De Hethiet Uria hebt gij door het zwaard verslagen; zijn vrouw hebt gij u tot vrouw genomen, hemzelf hebt gij door het zwaard der Ammonieten gedood.\u00a0 Nu dan, het zwaard zal van uw huis nimmermeer wijken, omdat gij Mij hebt veracht, en de vrouw van de Hethiet Uria genomen hebt, opdat zij u tot vrouw zou zijn.\u00a0 Zo zegt de HERE: Zie, Ik zal over u een kwaad doen komen, uit uw eigen huis; Ik zal uw vrouwen voor uw ogen weghalen en aan uw naaste geven; die zal bij uw vrouwen liggen op klaarlichte dag.\u00a0 Want gij hebt het wel in het verborgen gedaan, maar Ik zal dit doen in tegenwoordigheid van geheel Isra\u00ebl en in het volle licht. Toen sprak David tot Natan: Ik heb tegen de HERE gezondigd. En Natan zeide tot David: De HERE heeft uw zonde vergeven: gij zult niet sterven,\u00a0 ofschoon gij door deze daad de vijanden des HEREN zeer hebt doen lasteren, \u2013 de zoon echter, die u geboren is, zal sterven.&#8221;<\/span><\/p>\n<p>En al deze vervloekingen zijn uitgekomen.\u00a0 We lezen in II Sam 12 dat het eerste kind van David en Bathseba stierf.<\/p>\n<p><span style=\"font-size: medium;\">De zoon van David, Amnon, werd verliefd op zijn halfzuster Tamar, en hij verkrachtte haar. Een andere zoon van David, Absolom, was daar zo kwaad over, dat hij Amnon vermoordde. II Sam 13.\u00a0 Later rebelleerde Absolom tegen zijn vader David, en David moest vluchten om zijn leven te redden. Dit was het kwaad dat over David kwam vanuit zijn eigen huis. <\/span><\/p>\n<p><span style=\"font-size: medium;\">\u00a0<\/span><\/p>\n<p><span style=\"font-size: medium;\">Toen zei de adviseur van Absolom dat hij de bijvrouwen van zijn vader publiekelijk moest verkrachten om het volk te laten zien dat hij nu de touwtjes in handen had.\u00a0 Er werd een tent opgezet op het dak van het paleis, en Absolom ging met de bijvrouwen van zijn vader die tent in, zo de vloek vervullend dat David&#8217;s vrouwen publiekelijk aan een ander gegeven zouden worden. II Sam 16:20-22.<\/span><\/p>\n<p><span style=\"font-size: medium;\"><br \/>\nDus hier zien we hoe het werkt: Wanneer wij zondigen dan worden wij daarvoor gestraft.\u00a0 En dus niet God, niet de buurman,\u00a0 maar wijzelf. <\/span><\/p>\n<p><span style=\"font-size: medium;\">\u00a0<\/span><\/p>\n<p><span style=\"font-size: medium;\">Hetzelfde concept, iedereen die lijdt voor zijn eigen zonden, komen we ook weer tegen in Jesaja 53.\u00a0 Zie hier:\u00a0 <a href=\"http:\/\/bergzion.freewebpage.org\/Jesaja53.html\" rel=\"nofollow\">Jesaja 53<\/a><br \/>\nHet is natuulijk veel gemakkelijker wanneer we kunnen doen waar we zin in hebben, en we zijn bij voorbaat al vergeven door het lijden van God, maar zo werkt het niet. <\/span><\/p>\n<p><span style=\"font-size: medium;\">\u00a0<\/span><\/p>\n<p><span style=\"font-size: medium;\">Voor een diepere bijbelse (dat betekent &#8220;niet-christelijk&#8221;) gezichtspunt op straf en zonde, kijk hier:\u00a0 <a href=\"http:\/\/bergzion.freewebpage.org\/HolocaustNL.html\" rel=\"nofollow\">Waarom heeft de holocaust plaatsgevonden?<\/a><\/span><\/p>","protected":false},"excerpt":{"rendered":"<p>Hoe verkrijgt het joodse volk vergeving van zonden zonder dieroffers? Om te beginnen, de dieroffers zijn niet afgeschaft.\u00a0 Het joodse volk is nu niet in staat om de wetten met betrekking tot de dieroffers na te leven, omdat de dieroffers niet overal gebracht mogen worden, maar alleen op het altaar op het tempelplein. Deze regel &hellip; <a href=\"https:\/\/sandsoftruth.com\/nl\/faq\/sacrifices\/\" class=\"more-link\">Lees <span class=\"screen-reader-text\">&#8220;Dieroffers&#8221;<\/span> verder<\/a><\/p>\n","protected":false},"author":1,"featured_media":0,"parent":24,"menu_order":0,"comment_status":"closed","ping_status":"closed","template":"full-width-page.php","meta":{"footnotes":""},"class_list":["post-40","page","type-page","status-publish","hentry"],"_links":{"self":[{"href":"https:\/\/sandsoftruth.com\/nl\/wp-json\/wp\/v2\/pages\/40"}],"collection":[{"href":"https:\/\/sandsoftruth.com\/nl\/wp-json\/wp\/v2\/pages"}],"about":[{"href":"https:\/\/sandsoftruth.com\/nl\/wp-json\/wp\/v2\/types\/page"}],"author":[{"embeddable":true,"href":"https:\/\/sandsoftruth.com\/nl\/wp-json\/wp\/v2\/users\/1"}],"replies":[{"embeddable":true,"href":"https:\/\/sandsoftruth.com\/nl\/wp-json\/wp\/v2\/comments?post=40"}],"version-history":[{"count":4,"href":"https:\/\/sandsoftruth.com\/nl\/wp-json\/wp\/v2\/pages\/40\/revisions"}],"predecessor-version":[{"id":157,"href":"https:\/\/sandsoftruth.com\/nl\/wp-json\/wp\/v2\/pages\/40\/revisions\/157"}],"up":[{"embeddable":true,"href":"https:\/\/sandsoftruth.com\/nl\/wp-json\/wp\/v2\/pages\/24"}],"wp:attachment":[{"href":"https:\/\/sandsoftruth.com\/nl\/wp-json\/wp\/v2\/media?parent=40"}],"curies":[{"name":"wp","href":"https:\/\/api.w.org\/{rel}","templated":true}]}}